{"id":2301,"date":"2022-04-25T10:13:25","date_gmt":"2022-04-25T10:13:25","guid":{"rendered":"https:\/\/www.latoutfermier.fr\/?page_id=2301"},"modified":"2022-12-28T16:09:27","modified_gmt":"2022-12-28T15:09:27","slug":"mentions-legales","status":"publish","type":"page","link":"https:\/\/www.latoutfermier.fr\/?page_id=2301","title":{"rendered":"Mentions l\u00e9gales"},"content":{"rendered":"\t\t<div data-elementor-type=\"wp-page\" data-elementor-id=\"2301\" class=\"elementor elementor-2301\" data-elementor-post-type=\"page\">\n\t\t\t\t\t\t<section class=\"elementor-section elementor-top-section elementor-element elementor-element-5ecfd43 elementor-section-boxed elementor-section-height-default elementor-section-height-default\" data-id=\"5ecfd43\" data-element_type=\"section\" data-e-type=\"section\">\n\t\t\t\t\t\t<div class=\"elementor-container elementor-column-gap-default\">\n\t\t\t\t\t<div class=\"elementor-column elementor-col-100 elementor-top-column elementor-element elementor-element-b9a70de\" data-id=\"b9a70de\" data-element_type=\"column\" data-e-type=\"column\">\n\t\t\t<div class=\"elementor-widget-wrap\">\n\t\t\t\t\t\t\t<\/div>\n\t\t<\/div>\n\t\t\t\t\t<\/div>\n\t\t<\/section>\n\t\t\t\t<section class=\"elementor-section elementor-top-section elementor-element elementor-element-61c8f75 elementor-section-boxed elementor-section-height-default elementor-section-height-default\" data-id=\"61c8f75\" data-element_type=\"section\" data-e-type=\"section\" data-settings=\"{&quot;background_background&quot;:&quot;classic&quot;}\">\n\t\t\t\t\t\t<div class=\"elementor-container elementor-column-gap-default\">\n\t\t\t\t\t<div class=\"elementor-column elementor-col-100 elementor-top-column elementor-element elementor-element-b2a6b81\" data-id=\"b2a6b81\" data-element_type=\"column\" data-e-type=\"column\" data-settings=\"{&quot;background_background&quot;:&quot;classic&quot;}\">\n\t\t\t<div class=\"elementor-widget-wrap elementor-element-populated\">\n\t\t\t\t\t\t<div class=\"elementor-element elementor-element-e0bbb55 elementor-widget elementor-widget-heading\" data-id=\"e0bbb55\" data-element_type=\"widget\" data-e-type=\"widget\" data-widget_type=\"heading.default\">\n\t\t\t\t<div class=\"elementor-widget-container\">\n\t\t\t\t\t<h2 class=\"elementor-heading-title elementor-size-default\">Mentions l\u00e9gales<\/h2>\t\t\t\t<\/div>\n\t\t\t\t<\/div>\n\t\t\t\t<div class=\"elementor-element elementor-element-66633a0 mentions elementor-widget elementor-widget-text-editor\" data-id=\"66633a0\" data-element_type=\"widget\" data-e-type=\"widget\" data-widget_type=\"text-editor.default\">\n\t\t\t\t<div class=\"elementor-widget-container\">\n\t\t\t\t\t\t\t\t\t<div class=\"elementor-element elementor-element-1b4fb38 elementor-widget elementor-widget-text-editor\" data-id=\"1b4fb38\" data-element_type=\"widget\" data-widget_type=\"text-editor.default\">\n<div class=\"elementor-widget-container\">\n<ol>\n<li><strong>Pr\u00e9sentation du site :<\/strong><\/li>\n<\/ol>\n<p>Conform\u00e9ment aux dispositions des articles 6-III et 19 de la Loi n\u00b0 2004-575 du 21 juin 2004 pour la Confiance dans l\u2019\u00e9conomie num\u00e9rique, dite L.C.E.N., nous portons \u00e0 la connaissance des utilisateurs et visiteurs du site <a href=\"https:\/\/www.latoutfermier.fr\/\">www.latoutfermier.fr<\/a>&nbsp;les informations suivantes :<\/p>\n<p><strong>Informations sur la soci\u00e9t\u00e9 :<br><\/strong><\/p>\n<p><strong>Coordonn\u00e9es&nbsp; du si\u00e8ge social :<\/strong><br>Courriel&nbsp;: <a href=\"mailto:contact@latoutfermier.fr\">contact@latoutfermier.fr<\/a><br>Contact&nbsp; t\u00e9l\u00e9phonique&nbsp;: 05 58 06 35 36<\/p>\n<p><strong>Repr\u00e9sentant l\u00e9gal et responsable de la publication :<br><\/strong><\/p>\n<p><strong>R\u00e9alisation du site internet&nbsp;:<br><\/strong>Le site a \u00e9t\u00e9 cr\u00e9\u00e9 par&nbsp;le Studio Toutatis, 4 avenue de Morlanne, 40500 Saint-Sever.<br>Courriel&nbsp;: <a href=\"mailto:contact@studio-toutatis.fr\">contact@studio-toutatis.fr<\/a><\/p>\n<p><strong>Int\u00e9gration et d\u00e9veloppement :<br><\/strong>Le webmaster de ce site est&nbsp;: <a href=\"http:\/\/www.ocean-ville.com\/\">Ocean Ville<\/a><br>Courriel&nbsp;:<a href=\"mailto:%C2%A0contact@ocean-ville.com\">&nbsp;contact@ocean-ville.com<\/a><\/p>\n<p><strong>H\u00e9bergement :<br><\/strong>Ce site est h\u00e9berg\u00e9 par la soci\u00e9t\u00e9 OVH Groupe SAS, soci\u00e9t\u00e9 immatricul\u00e9e au RCS de Lille sous le num\u00e9ro 537 407 926 sise 2, rue Kellermann, 59100 Roubaix.<\/p>\n<ol start=\"2\">\n<li><strong>Description des services fournis :<\/strong><\/li>\n<\/ol>\n<p>Le site&nbsp;<a href=\"https:\/\/\/www.latoutfermier.fr\">www.latoutfermier.fr<\/a>&nbsp;a pour objet de fournir une information concernant l\u2019ensemble des prestations du magasin L&rsquo;Atout Fermier.<\/p>\n<p>L\u2019entreprise s\u2019efforce de fournir sur le site &nbsp;<a href=\"https:\/\/\/www.latoutfermier.fr\">www.latoutfermier.fr<\/a>&nbsp;&nbsp;des informations aussi pr\u00e9cises que possible. Toutefois, elle ne pourra \u00eatre tenue responsable des omissions, des inexactitudes et des carences dans la mise \u00e0 jour, qu\u2019elles soient de son fait ou du fait des tiers partenaires qui lui fournissent ces informations.<\/p>\n<p>Toutes les informations propos\u00e9es sur le site &nbsp;<a href=\"https:\/\/\/www.latoutfermier.fr\">www.latoutfermier.fr<\/a>&nbsp;&nbsp;sont donn\u00e9es \u00e0 titre indicatif, sont non exhaustives, et sont susceptibles d\u2019\u00e9voluer. Elles sont donn\u00e9es sous r\u00e9serve de modifications ayant \u00e9t\u00e9 apport\u00e9es depuis leur mise en ligne.<\/p>\n<ol start=\"3\">\n<li><strong>Propri\u00e9t\u00e9 intellectuelle et contrefa\u00e7ons :<\/strong><\/li>\n<\/ol>\n<p>L&rsquo;Atout Fermier est propri\u00e9taire des droits de propri\u00e9t\u00e9 intellectuelle ou d\u00e9tient les droits d\u2019usage sur tous les \u00e9l\u00e9ments accessibles sur le site, notamment les textes, images, graphismes, logo, ic\u00f4nes, sons, logiciels\u2026<\/p>\n<p>Toute reproduction, repr\u00e9sentation, modification, publication, adaptation totale ou partielle des \u00e9l\u00e9ments du site, quel que soit le moyen ou le proc\u00e9d\u00e9 utilis\u00e9, est interdite, sauf autorisation \u00e9crite pr\u00e9alable \u00e0 l\u2019email :&nbsp;<a href=\"mailto:contact@latoutfermier.fr\">contact@latoutfermier.fr<\/a><\/p>\n<p>Toute exploitation non autoris\u00e9e du site ou de l\u2019un des \u00e9l\u00e9ments qu\u2019il contient sera consid\u00e9r\u00e9e comme constitutive d\u2019une contrefa\u00e7on et poursuivie conform\u00e9ment aux dispositions des articles L.335-2 et suivants du Code de Propri\u00e9t\u00e9 Intellectuelle.<\/p>\n<ol start=\"4\">\n<li><strong>Liens hypertextes et cookies :<\/strong><\/li>\n<\/ol>\n<p>Le site <a href=\"https:\/\/\/www.latoutfermier.fr\">www.latoutfermier.fr<\/a>&nbsp;&nbsp;contient un certain nombre de liens hypertextes vers d\u2019autres sites (partenaires, informations \u2026) mis en place avec l\u2019autorisation de l\u2019Atout Fermier. Cependant, l\u2019Atout Fermier n\u2019a pas la possibilit\u00e9 de v\u00e9rifier le contenu des sites ainsi visit\u00e9s et d\u00e9cline donc toute responsabilit\u00e9 de ce fait quant aux risques \u00e9ventuels de contenus illicites.<\/p>\n<p>L\u2019utilisateur est inform\u00e9 que lors de ses visites sur le site &nbsp;<a href=\"https:\/\/\/www.latoutfermier.fr\">www.latoutfermier.fr<\/a> un ou des cookies sont susceptibles de s\u2019installer automatiquement sur son ordinateur. Un cookie est un fichier de petite taille, qui ne permet pas l\u2019identification de l\u2019utilisateur, mais qui enregistre des informations relatives \u00e0 la navigation d\u2019un ordinateur sur un site. Les donn\u00e9es ainsi obtenues visent \u00e0 faciliter la navigation ult\u00e9rieure sur le site, et ont \u00e9galement vocation \u00e0 permettre diverses mesures de fr\u00e9quentation.<\/p>\n<p>Le param\u00e9trage du logiciel de navigation permet d\u2019informer de la pr\u00e9sence de cookie et \u00e9ventuellement, de refuser de la mani\u00e8re d\u00e9crite \u00e0 l\u2019adresse suivante : <a href=\"http:\/\/www.cnil.fr\/\">www.cnil.fr<\/a><br>Le refus d\u2019installation d\u2019un cookie peut entra\u00eener l\u2019impossibilit\u00e9 d\u2019acc\u00e9der \u00e0 certains services. L\u2019utilisateur peut toutefois configurer son ordinateur de la mani\u00e8re suivante, pour refuser l\u2019installation des cookies :<br>Sous Internet Explorer : onglet outil \/ options internet. Cliquez sur Confidentialit\u00e9 et choisissez Bloquer tous les cookies. Validez sur Ok.<br>Sous Netscape : onglet \u00e9dition \/ pr\u00e9f\u00e9rences. Cliquez sur Avanc\u00e9es et choisissez D\u00e9sactiver les cookies. Validez sur Ok.<\/p>\n<ol start=\"5\">\n<li><strong>Protection des biens et des personnes \u2013 gestion des donn\u00e9es personnelles :<\/strong><\/li>\n<\/ol>\n<p><em>*Utilisateur : Internaute se connectant, utilisant le site susnomm\u00e9 : &nbsp;<a href=\"https:\/\/\/www.latoutfermier.fr\">www.latoutfermier.fr<\/a> <\/em><\/p>\n<p>En France, les donn\u00e9es personnelles sont notamment prot\u00e9g\u00e9es par la loi n\u00b0 78-87 du 6 janvier 1978, la loi n\u00b0 2004-801 du 6 ao\u00fbt 2004, l\u2019article L. 226-13 du Code p\u00e9nal et la Directive Europ\u00e9enne du 24 octobre 1995.<\/p>\n<p>L&rsquo;Atout Fermier ne collecte des informations personnelles relatives \u00e0 l\u2019utilisateur que pour le besoin de certains services propos\u00e9s par le site &nbsp;<a href=\"https:\/\/\/www.latoutfermier.fr\">www.latoutfermier.fr<\/a> .&nbsp; L\u2019utilisateur fournit ces informations en toute connaissance de cause, notamment lorsqu\u2019il proc\u00e8de par lui-m\u00eame \u00e0 leur saisie. Il est alors pr\u00e9cis\u00e9 \u00e0 l\u2019utilisateur du site &nbsp;<a href=\"https:\/\/\/www.latoutfermier.fr\">www.latoutfermier.fr<\/a> l\u2019obligation ou non de fournir ces informations. Conform\u00e9ment aux dispositions des articles 38 et suivants de la loi 78-17 du 6 janvier 1978 relative \u00e0 l\u2019informatique, aux fichiers et aux libert\u00e9s, tout utilisateur dispose d\u2019un droit d\u2019acc\u00e8s, de rectification, de suppression et d\u2019opposition aux donn\u00e9es personnelles le concernant. Pour l\u2019exercer, adressez votre demande \u00e0 <a href=\"https:\/\/www.latoutfermier.fr\/\">www.latoutfermier.fr<\/a>&nbsp;par email \u00e0 <a href=\"mailto:contact@latoutfermier.fr\">contact@latoutfermier.fr<\/a>&nbsp;ou en effectuant sa demande \u00e9crite et sign\u00e9e, accompagn\u00e9e d\u2019une copie du titre d\u2019identit\u00e9 avec signature du titulaire de la pi\u00e8ce, en pr\u00e9cisant l\u2019adresse \u00e0 laquelle la r\u00e9ponse doit \u00eatre envoy\u00e9e.<\/p>\n<p>Aucune information personnelle de l\u2019utilisateur du site <a href=\"https:\/\/www.latoutfermier.fr\/\">www.latoutfermier.fr<\/a>&nbsp;n\u2019est publi\u00e9e \u00e0 l\u2019insu de l\u2019utilisateur, \u00e9chang\u00e9e, transf\u00e9r\u00e9e, c\u00e9d\u00e9e ou vendue sur un support quelconque \u00e0 des tiers. Seule l\u2019hypoth\u00e8se du rachat du site&nbsp;<a href=\"https:\/\/www.latoutfermier.fr\/\">www.latoutfermier.fr<\/a>&nbsp;au propri\u00e9taire du site et de ses droits permettrait la transmission des dites informations \u00e0 l\u2019\u00e9ventuel acqu\u00e9reur qui serait \u00e0 son tour tenu de la m\u00eame obligation de conservation et de modification des donn\u00e9es vis \u00e0 vis de l\u2019utilisateur du site <a href=\"https:\/\/www.latoutfermier.fr\/\">www.latoutfermier.fr<\/a>.<\/p>\n<p>Le site <a href=\"https:\/\/www.latoutfermier.fr\/\">www.latoutfermier.fr<\/a>&nbsp;est en conformit\u00e9 avec le RGPD voir notre <a href=\"https:\/\/www.latoutfermier.fr\">politique de confidentialit\u00e9<\/a> :<\/p>\n<p>Les bases de donn\u00e9es sont prot\u00e9g\u00e9es par les dispositions de la loi du 1er&nbsp;juillet 1998 transposant la directive 96\/9 du 11 mars 1996 relative \u00e0 la protection juridique des bases de donn\u00e9es.<\/p>\n<\/div>\n<\/div>\t\t\t\t\t\t\t\t<\/div>\n\t\t\t\t<\/div>\n\t\t\t\t<div class=\"elementor-element elementor-element-e58b531 elementor-widget elementor-widget-spacer\" data-id=\"e58b531\" data-element_type=\"widget\" data-e-type=\"widget\" data-widget_type=\"spacer.default\">\n\t\t\t\t<div class=\"elementor-widget-container\">\n\t\t\t\t\t\t\t<div class=\"elementor-spacer\">\n\t\t\t<div class=\"elementor-spacer-inner\"><\/div>\n\t\t<\/div>\n\t\t\t\t\t\t<\/div>\n\t\t\t\t<\/div>\n\t\t\t\t\t<\/div>\n\t\t<\/div>\n\t\t\t\t\t<\/div>\n\t\t<\/section>\n\t\t\t\t<\/div>\n\t\t","protected":false},"excerpt":{"rendered":"<p>Mentions l\u00e9gales Pr\u00e9sentation du site : Conform\u00e9ment aux dispositions des articles 6-III et 19 de la Loi n\u00b0 2004-575 du 21 juin 2004 pour la Confiance dans l\u2019\u00e9conomie num\u00e9rique, dite L.C.E.N., nous portons \u00e0 la connaissance des utilisateurs et visiteurs du site www.latoutfermier.fr&nbsp;les informations suivantes : Informations sur la soci\u00e9t\u00e9 : Coordonn\u00e9es&nbsp; du si\u00e8ge social &hellip;<\/p>\n<p class=\"read-more\"> <a class=\"\" href=\"https:\/\/www.latoutfermier.fr\/?page_id=2301\"> <span class=\"screen-reader-text\">Mentions l\u00e9gales<\/span> Lire la suite\u00a0\u00bb<\/a><\/p>\n","protected":false},"author":2,"featured_media":0,"parent":0,"menu_order":0,"comment_status":"closed","ping_status":"closed","template":"","meta":{"_acf_changed":false,"site-sidebar-layout":"no-sidebar","site-content-layout":"page-builder","ast-global-header-display":"","ast-main-header-display":"","ast-hfb-above-header-display":"","ast-hfb-below-header-display":"","ast-hfb-mobile-header-display":"","site-post-title":"disabled","ast-breadcrumbs-content":"","ast-featured-img":"disabled","footer-sml-layout":"","theme-transparent-header-meta":"default","adv-header-id-meta":"","stick-header-meta":"","header-above-stick-meta":"","header-main-stick-meta":"","header-below-stick-meta":"","footnotes":""},"class_list":["post-2301","page","type-page","status-publish","hentry"],"acf":[],"_links":{"self":[{"href":"https:\/\/www.latoutfermier.fr\/index.php?rest_route=\/wp\/v2\/pages\/2301","targetHints":{"allow":["GET"]}}],"collection":[{"href":"https:\/\/www.latoutfermier.fr\/index.php?rest_route=\/wp\/v2\/pages"}],"about":[{"href":"https:\/\/www.latoutfermier.fr\/index.php?rest_route=\/wp\/v2\/types\/page"}],"author":[{"embeddable":true,"href":"https:\/\/www.latoutfermier.fr\/index.php?rest_route=\/wp\/v2\/users\/2"}],"replies":[{"embeddable":true,"href":"https:\/\/www.latoutfermier.fr\/index.php?rest_route=%2Fwp%2Fv2%2Fcomments&post=2301"}],"version-history":[{"count":41,"href":"https:\/\/www.latoutfermier.fr\/index.php?rest_route=\/wp\/v2\/pages\/2301\/revisions"}],"predecessor-version":[{"id":2871,"href":"https:\/\/www.latoutfermier.fr\/index.php?rest_route=\/wp\/v2\/pages\/2301\/revisions\/2871"}],"wp:attachment":[{"href":"https:\/\/www.latoutfermier.fr\/index.php?rest_route=%2Fwp%2Fv2%2Fmedia&parent=2301"}],"curies":[{"name":"wp","href":"https:\/\/api.w.org\/{rel}","templated":true}]}}