{"id":502,"date":"2021-10-11T09:09:04","date_gmt":"2021-10-11T09:09:04","guid":{"rendered":"https:\/\/www.latoutfermier.fr\/?page_id=502"},"modified":"2026-01-07T17:40:17","modified_gmt":"2026-01-07T16:40:17","slug":"kesako","status":"publish","type":"page","link":"https:\/\/www.latoutfermier.fr\/?page_id=502","title":{"rendered":"K\u00c9SAKO ?"},"content":{"rendered":"\t\t<div data-elementor-type=\"wp-page\" data-elementor-id=\"502\" class=\"elementor elementor-502\" data-elementor-post-type=\"page\">\n\t\t\t\t\t\t<section class=\"elementor-section elementor-top-section elementor-element elementor-element-4811283 elementor-section-boxed elementor-section-height-default elementor-section-height-default\" data-id=\"4811283\" data-element_type=\"section\" data-e-type=\"section\" data-settings=\"{&quot;background_background&quot;:&quot;classic&quot;}\">\n\t\t\t\t\t\t\t<div class=\"elementor-background-overlay\"><\/div>\n\t\t\t\t\t\t\t<div class=\"elementor-container elementor-column-gap-default\">\n\t\t\t\t\t<div class=\"elementor-column elementor-col-100 elementor-top-column elementor-element elementor-element-9e47459\" data-id=\"9e47459\" data-element_type=\"column\" data-e-type=\"column\">\n\t\t\t<div class=\"elementor-widget-wrap elementor-element-populated\">\n\t\t\t\t\t\t<div class=\"elementor-element elementor-element-f79210b elementor-widget elementor-widget-spacer\" data-id=\"f79210b\" data-element_type=\"widget\" data-e-type=\"widget\" data-widget_type=\"spacer.default\">\n\t\t\t\t<div class=\"elementor-widget-container\">\n\t\t\t\t\t\t\t<div class=\"elementor-spacer\">\n\t\t\t<div class=\"elementor-spacer-inner\"><\/div>\n\t\t<\/div>\n\t\t\t\t\t\t<\/div>\n\t\t\t\t<\/div>\n\t\t\t\t<section class=\"elementor-section elementor-inner-section elementor-element elementor-element-1452eb5 elementor-section-boxed elementor-section-height-default elementor-section-height-default\" data-id=\"1452eb5\" data-element_type=\"section\" data-e-type=\"section\">\n\t\t\t\t\t\t<div class=\"elementor-container elementor-column-gap-default\">\n\t\t\t\t\t<div class=\"elementor-column elementor-col-33 elementor-inner-column elementor-element elementor-element-7042ef4\" data-id=\"7042ef4\" data-element_type=\"column\" data-e-type=\"column\">\n\t\t\t<div class=\"elementor-widget-wrap elementor-element-populated\">\n\t\t\t\t\t\t<div class=\"elementor-element elementor-element-ec86b7d elementor-align-justify elementor-widget elementor-widget-button\" data-id=\"ec86b7d\" data-element_type=\"widget\" data-e-type=\"widget\" data-widget_type=\"button.default\">\n\t\t\t\t<div class=\"elementor-widget-container\">\n\t\t\t\t\t\t\t\t\t<div class=\"elementor-button-wrapper\">\n\t\t\t\t\t<a class=\"elementor-button elementor-button-link elementor-size-sm elementor-animation-grow\" href=\"#agriculture\">\n\t\t\t\t\t\t<span class=\"elementor-button-content-wrapper\">\n\t\t\t\t\t\t\t\t\t<span class=\"elementor-button-text\">la volont\u00e9 de proposer<br>une <strong>agriculture paysanne<\/strong>, <strong>locale<\/strong>, <strong>\u00e9quitable<br>et durable<\/strong><\/span>\n\t\t\t\t\t<\/span>\n\t\t\t\t\t<\/a>\n\t\t\t\t<\/div>\n\t\t\t\t\t\t\t\t<\/div>\n\t\t\t\t<\/div>\n\t\t\t\t\t<\/div>\n\t\t<\/div>\n\t\t\t\t<div class=\"elementor-column elementor-col-33 elementor-inner-column elementor-element elementor-element-cb9e338\" data-id=\"cb9e338\" data-element_type=\"column\" data-e-type=\"column\">\n\t\t\t<div class=\"elementor-widget-wrap elementor-element-populated\">\n\t\t\t\t\t\t<div class=\"elementor-element elementor-element-8447f45 elementor-align-justify elementor-widget elementor-widget-button\" data-id=\"8447f45\" data-element_type=\"widget\" data-e-type=\"widget\" data-widget_type=\"button.default\">\n\t\t\t\t<div class=\"elementor-widget-container\">\n\t\t\t\t\t\t\t\t\t<div class=\"elementor-button-wrapper\">\n\t\t\t\t\t<a class=\"elementor-button elementor-button-link elementor-size-sm elementor-animation-grow\" href=\"https:\/\/www.latoutfermier.fr\/?page_id=56\">\n\t\t\t\t\t\t<span class=\"elementor-button-content-wrapper\">\n\t\t\t\t\t\t\t\t\t<span class=\"elementor-button-text\">un magasin convivial cr\u00e9\u00e9<br><strong>par 3 producteurs locaux<\/strong><br>rejoint aujourd'hui par<br><strong>+ de 80 producteurs<\/strong><\/span>\n\t\t\t\t\t<\/span>\n\t\t\t\t\t<\/a>\n\t\t\t\t<\/div>\n\t\t\t\t\t\t\t\t<\/div>\n\t\t\t\t<\/div>\n\t\t\t\t\t<\/div>\n\t\t<\/div>\n\t\t\t\t<div class=\"elementor-column elementor-col-33 elementor-inner-column elementor-element elementor-element-52a5967\" data-id=\"52a5967\" data-element_type=\"column\" data-e-type=\"column\">\n\t\t\t<div class=\"elementor-widget-wrap elementor-element-populated\">\n\t\t\t\t\t\t<div class=\"elementor-element elementor-element-b83508a elementor-align-justify elementor-widget elementor-widget-button\" data-id=\"b83508a\" data-element_type=\"widget\" data-e-type=\"widget\" data-widget_type=\"button.default\">\n\t\t\t\t<div class=\"elementor-widget-container\">\n\t\t\t\t\t\t\t\t\t<div class=\"elementor-button-wrapper\">\n\t\t\t\t\t<a class=\"elementor-button elementor-button-link elementor-size-sm elementor-animation-grow\" href=\"https:\/\/www.latoutfermier.fr\/?page_id=506\">\n\t\t\t\t\t\t<span class=\"elementor-button-content-wrapper\">\n\t\t\t\t\t\t\t\t\t<span class=\"elementor-button-text\">Une large gamme<br>de produits de qualit\u00e9<br><strong>garantis frais<br>et de saison<\/strong><\/span>\n\t\t\t\t\t<\/span>\n\t\t\t\t\t<\/a>\n\t\t\t\t<\/div>\n\t\t\t\t\t\t\t\t<\/div>\n\t\t\t\t<\/div>\n\t\t\t\t\t<\/div>\n\t\t<\/div>\n\t\t\t\t\t<\/div>\n\t\t<\/section>\n\t\t\t\t<div class=\"elementor-element elementor-element-a7ca3da elementor-widget elementor-widget-spacer\" data-id=\"a7ca3da\" data-element_type=\"widget\" data-e-type=\"widget\" data-widget_type=\"spacer.default\">\n\t\t\t\t<div class=\"elementor-widget-container\">\n\t\t\t\t\t\t\t<div class=\"elementor-spacer\">\n\t\t\t<div class=\"elementor-spacer-inner\"><\/div>\n\t\t<\/div>\n\t\t\t\t\t\t<\/div>\n\t\t\t\t<\/div>\n\t\t\t\t\t<\/div>\n\t\t<\/div>\n\t\t\t\t\t<\/div>\n\t\t<\/section>\n\t\t\t\t<section class=\"elementor-section elementor-top-section elementor-element elementor-element-12c8d0ec elementor-section-full_width elementor-section-content-middle elementor-section-height-default elementor-section-height-default\" data-id=\"12c8d0ec\" data-element_type=\"section\" data-e-type=\"section\" data-settings=\"{&quot;background_background&quot;:&quot;slideshow&quot;,&quot;background_slideshow_gallery&quot;:[{&quot;id&quot;:3116,&quot;url&quot;:&quot;https:\\\/\\\/www.latoutfermier.fr\\\/wp-content\\\/uploads\\\/2026\\\/01\\\/IMG_3588-scaled.jpg&quot;},{&quot;id&quot;:3117,&quot;url&quot;:&quot;https:\\\/\\\/www.latoutfermier.fr\\\/wp-content\\\/uploads\\\/2026\\\/01\\\/IMG_3590-scaled.jpg&quot;},{&quot;id&quot;:3118,&quot;url&quot;:&quot;https:\\\/\\\/www.latoutfermier.fr\\\/wp-content\\\/uploads\\\/2026\\\/01\\\/IMG_3595-scaled.jpg&quot;},{&quot;id&quot;:3119,&quot;url&quot;:&quot;https:\\\/\\\/www.latoutfermier.fr\\\/wp-content\\\/uploads\\\/2026\\\/01\\\/IMG_3593-scaled.jpg&quot;}],&quot;background_slideshow_transition_duration&quot;:1500,&quot;background_slideshow_ken_burns&quot;:&quot;yes&quot;,&quot;background_slideshow_loop&quot;:&quot;yes&quot;,&quot;background_slideshow_slide_duration&quot;:5000,&quot;background_slideshow_slide_transition&quot;:&quot;fade&quot;,&quot;background_slideshow_ken_burns_zoom_direction&quot;:&quot;in&quot;}\">\n\t\t\t\t\t\t\t<div class=\"elementor-background-overlay\"><\/div>\n\t\t\t\t\t\t\t<div class=\"elementor-container elementor-column-gap-no\">\n\t\t\t\t\t<div class=\"elementor-column elementor-col-100 elementor-top-column elementor-element elementor-element-3fba7d7f\" data-id=\"3fba7d7f\" data-element_type=\"column\" data-e-type=\"column\">\n\t\t\t<div class=\"elementor-widget-wrap elementor-element-populated\">\n\t\t\t\t\t\t<div class=\"elementor-element elementor-element-64d0e4a0 elementor-widget elementor-widget-spacer\" data-id=\"64d0e4a0\" data-element_type=\"widget\" data-e-type=\"widget\" data-widget_type=\"spacer.default\">\n\t\t\t\t<div class=\"elementor-widget-container\">\n\t\t\t\t\t\t\t<div class=\"elementor-spacer\">\n\t\t\t<div class=\"elementor-spacer-inner\"><\/div>\n\t\t<\/div>\n\t\t\t\t\t\t<\/div>\n\t\t\t\t<\/div>\n\t\t\t\t<div class=\"elementor-element elementor-element-71a22a2b elementor-widget elementor-widget-spacer\" data-id=\"71a22a2b\" data-element_type=\"widget\" data-e-type=\"widget\" data-widget_type=\"spacer.default\">\n\t\t\t\t<div class=\"elementor-widget-container\">\n\t\t\t\t\t\t\t<div class=\"elementor-spacer\">\n\t\t\t<div class=\"elementor-spacer-inner\"><\/div>\n\t\t<\/div>\n\t\t\t\t\t\t<\/div>\n\t\t\t\t<\/div>\n\t\t\t\t\t<\/div>\n\t\t<\/div>\n\t\t\t\t\t<\/div>\n\t\t<\/section>\n\t\t\t\t<section class=\"elementor-section elementor-top-section elementor-element elementor-element-87f902b elementor-section-boxed elementor-section-height-default elementor-section-height-default\" data-id=\"87f902b\" data-element_type=\"section\" data-e-type=\"section\" data-settings=\"{&quot;background_background&quot;:&quot;classic&quot;}\">\n\t\t\t\t\t\t\t<div class=\"elementor-background-overlay\"><\/div>\n\t\t\t\t\t\t\t<div class=\"elementor-container elementor-column-gap-default\">\n\t\t\t\t\t<div class=\"elementor-column elementor-col-100 elementor-top-column elementor-element elementor-element-3dbee65\" data-id=\"3dbee65\" data-element_type=\"column\" data-e-type=\"column\">\n\t\t\t<div class=\"elementor-widget-wrap elementor-element-populated\">\n\t\t\t\t\t\t<div class=\"elementor-element elementor-element-e2f3450 elementor-widget elementor-widget-menu-anchor\" data-id=\"e2f3450\" data-element_type=\"widget\" data-e-type=\"widget\" data-widget_type=\"menu-anchor.default\">\n\t\t\t\t<div class=\"elementor-widget-container\">\n\t\t\t\t\t\t\t<div class=\"elementor-menu-anchor\" id=\"agriculture\"><\/div>\n\t\t\t\t\t\t<\/div>\n\t\t\t\t<\/div>\n\t\t\t\t<div class=\"elementor-element elementor-element-0dc65d4 elementor-widget elementor-widget-spacer\" data-id=\"0dc65d4\" data-element_type=\"widget\" data-e-type=\"widget\" data-widget_type=\"spacer.default\">\n\t\t\t\t<div class=\"elementor-widget-container\">\n\t\t\t\t\t\t\t<div class=\"elementor-spacer\">\n\t\t\t<div class=\"elementor-spacer-inner\"><\/div>\n\t\t<\/div>\n\t\t\t\t\t\t<\/div>\n\t\t\t\t<\/div>\n\t\t\t\t<div class=\"elementor-element elementor-element-dff305c elementor-widget elementor-widget-heading\" data-id=\"dff305c\" data-element_type=\"widget\" data-e-type=\"widget\" data-widget_type=\"heading.default\">\n\t\t\t\t<div class=\"elementor-widget-container\">\n\t\t\t\t\t<h1 class=\"elementor-heading-title elementor-size-default\"><strong>FRAIS<\/strong>, <strong>LOCAL<\/strong>, &amp; de <strong>SAISON<\/strong> !<\/h1>\t\t\t\t<\/div>\n\t\t\t\t<\/div>\n\t\t\t\t<div class=\"elementor-element elementor-element-099b716 elementor-widget elementor-widget-text-editor\" data-id=\"099b716\" data-element_type=\"widget\" data-e-type=\"widget\" data-widget_type=\"text-editor.default\">\n\t\t\t\t<div class=\"elementor-widget-container\">\n\t\t\t\t\t\t\t\t\t<p><strong>L\u2019Atout Fermier<\/strong> c\u2019est avant tout\u00a0une histoire de<strong> bon sens<\/strong>,<br \/>une d\u00e9marche visant le <strong>circuit-court<\/strong>, une philosophie initi\u00e9e<br \/>par 3 fermes du coin, bien implant\u00e9es dans le paysage local.<\/p><p><a href=\"https:\/\/www.latoutfermier.fr\/?p=212\"><strong>La Ferme Bacotte<\/strong><\/a>\u00a0\u00e0 Saint Sever,\u00a0<a href=\"https:\/\/www.latoutfermier.fr\/?p=146\"><strong>La Ferme de Berdin<\/strong><\/a> \u00e0 Banos<br \/>et <a href=\"https:\/\/www.latoutfermier.fr\/?p=243\"><strong>La Ferme de Troussin<\/strong><\/a>\u00a0 \u00e0 Aire-sur-l\u2019Adour<br \/>se sont r\u00e9unies autour d&rsquo;une association pour cr\u00e9er<br \/>leur propre magasin et <strong>vendre directement leurs productions<\/strong>.<\/p><p>Le concept s&rsquo;est \u00e9largit et\u00a0<strong>L&rsquo;atout Fermier<\/strong> repr\u00e9sente d\u00e9sormais<br \/><strong>plus d&rsquo;une <a href=\"https:\/\/www.latoutfermier.fr\/?page_id=56\">soixantaine de\u00a0producteurs<\/a><\/strong>.<\/p><p><strong>L&rsquo;Atout Fermier<\/strong> est donc un lieu de vente,<br \/>o\u00f9 Ma\u00eblyss et C\u00e9line vous attendent, et o\u00f9 vous trouverez<br \/>des <strong>l\u00e9gumes<\/strong> et des\u00a0<strong>fruits<\/strong>, des\u00a0<strong>viandes<\/strong> et <strong>salaisons<\/strong>, de la <strong>truite<\/strong>,<br \/>des <strong>produits frais<\/strong> ou transform\u00e9s, des <strong>conserves<\/strong>, un rayon\u00a0<strong>\u00e9picerie<\/strong>, des\u00a0<strong>produits laitiers<\/strong>, des <strong>glaces<\/strong>, une <strong>cave<\/strong>, du <strong>savon <\/strong>et des\u00a0<strong>p\u00e2tisseries<br \/><\/strong>et\u00a0bien d&rsquo;autres\u00a0surprises \u00e0 venir d\u00e9couvrir sur place.\u00a0<\/p>\t\t\t\t\t\t\t\t<\/div>\n\t\t\t\t<\/div>\n\t\t\t\t<div class=\"elementor-element elementor-element-7723d48 elementor-widget elementor-widget-spacer\" data-id=\"7723d48\" data-element_type=\"widget\" data-e-type=\"widget\" data-widget_type=\"spacer.default\">\n\t\t\t\t<div class=\"elementor-widget-container\">\n\t\t\t\t\t\t\t<div class=\"elementor-spacer\">\n\t\t\t<div class=\"elementor-spacer-inner\"><\/div>\n\t\t<\/div>\n\t\t\t\t\t\t<\/div>\n\t\t\t\t<\/div>\n\t\t\t\t\t<\/div>\n\t\t<\/div>\n\t\t\t\t\t<\/div>\n\t\t<\/section>\n\t\t\t\t<section class=\"elementor-section elementor-top-section elementor-element elementor-element-5e00f2a6 elementor-section-boxed elementor-section-height-default elementor-section-height-default\" data-id=\"5e00f2a6\" data-element_type=\"section\" data-e-type=\"section\" data-settings=\"{&quot;background_background&quot;:&quot;classic&quot;}\">\n\t\t\t\t\t\t<div class=\"elementor-container elementor-column-gap-default\">\n\t\t\t\t\t<div class=\"elementor-column elementor-col-100 elementor-top-column elementor-element elementor-element-3add48a8\" data-id=\"3add48a8\" data-element_type=\"column\" data-e-type=\"column\">\n\t\t\t<div class=\"elementor-widget-wrap elementor-element-populated\">\n\t\t\t\t\t\t<div class=\"elementor-element elementor-element-64e1d6e2 elementor-widget elementor-widget-spacer\" data-id=\"64e1d6e2\" data-element_type=\"widget\" data-e-type=\"widget\" data-widget_type=\"spacer.default\">\n\t\t\t\t<div class=\"elementor-widget-container\">\n\t\t\t\t\t\t\t<div class=\"elementor-spacer\">\n\t\t\t<div class=\"elementor-spacer-inner\"><\/div>\n\t\t<\/div>\n\t\t\t\t\t\t<\/div>\n\t\t\t\t<\/div>\n\t\t\t\t\t<\/div>\n\t\t<\/div>\n\t\t\t\t\t<\/div>\n\t\t<\/section>\n\t\t\t\t<\/div>\n\t\t","protected":false},"excerpt":{"rendered":"<p>la volont\u00e9 de proposerune agriculture paysanne, locale, \u00e9quitableet durable un magasin convivial cr\u00e9\u00e9par 3 producteurs locauxrejoint aujourd&rsquo;hui par+ de 80 producteurs Une large gammede produits de qualit\u00e9garantis fraiset de saison FRAIS, LOCAL, &amp; de SAISON ! L\u2019Atout Fermier c\u2019est avant tout\u00a0une histoire de bon sens,une d\u00e9marche visant le circuit-court, une philosophie initi\u00e9epar 3 fermes du &hellip;<\/p>\n<p class=\"read-more\"> <a class=\"\" href=\"https:\/\/www.latoutfermier.fr\/?page_id=502\"> <span class=\"screen-reader-text\">K\u00c9SAKO ?<\/span> Lire la suite\u00a0\u00bb<\/a><\/p>\n","protected":false},"author":2,"featured_media":0,"parent":0,"menu_order":0,"comment_status":"closed","ping_status":"closed","template":"","meta":{"_acf_changed":false,"site-sidebar-layout":"no-sidebar","site-content-layout":"page-builder","ast-global-header-display":"","ast-main-header-display":"","ast-hfb-above-header-display":"","ast-hfb-below-header-display":"","ast-hfb-mobile-header-display":"","site-post-title":"disabled","ast-breadcrumbs-content":"","ast-featured-img":"disabled","footer-sml-layout":"","theme-transparent-header-meta":"default","adv-header-id-meta":"","stick-header-meta":"","header-above-stick-meta":"","header-main-stick-meta":"","header-below-stick-meta":"","footnotes":""},"class_list":["post-502","page","type-page","status-publish","hentry"],"acf":[],"_links":{"self":[{"href":"https:\/\/www.latoutfermier.fr\/index.php?rest_route=\/wp\/v2\/pages\/502","targetHints":{"allow":["GET"]}}],"collection":[{"href":"https:\/\/www.latoutfermier.fr\/index.php?rest_route=\/wp\/v2\/pages"}],"about":[{"href":"https:\/\/www.latoutfermier.fr\/index.php?rest_route=\/wp\/v2\/types\/page"}],"author":[{"embeddable":true,"href":"https:\/\/www.latoutfermier.fr\/index.php?rest_route=\/wp\/v2\/users\/2"}],"replies":[{"embeddable":true,"href":"https:\/\/www.latoutfermier.fr\/index.php?rest_route=%2Fwp%2Fv2%2Fcomments&post=502"}],"version-history":[{"count":126,"href":"https:\/\/www.latoutfermier.fr\/index.php?rest_route=\/wp\/v2\/pages\/502\/revisions"}],"predecessor-version":[{"id":3122,"href":"https:\/\/www.latoutfermier.fr\/index.php?rest_route=\/wp\/v2\/pages\/502\/revisions\/3122"}],"wp:attachment":[{"href":"https:\/\/www.latoutfermier.fr\/index.php?rest_route=%2Fwp%2Fv2%2Fmedia&parent=502"}],"curies":[{"name":"wp","href":"https:\/\/api.w.org\/{rel}","templated":true}]}}